{"id":660,"date":"2025-04-14T16:42:01","date_gmt":"2025-04-14T16:42:01","guid":{"rendered":"https:\/\/tuempleoideal.net\/?page_id=660"},"modified":"2025-04-14T16:46:04","modified_gmt":"2025-04-14T16:46:04","slug":"politicas-de-eliminacion-de-datos","status":"publish","type":"page","link":"https:\/\/tuempleoideal.net\/index.php\/politicas-de-eliminacion-de-datos\/","title":{"rendered":"Pol\u00edticas de Eliminaci\u00f3n de Datos"},"content":{"rendered":"\t\t<div data-elementor-type=\"wp-page\" data-elementor-id=\"660\" class=\"elementor elementor-660\" data-elementor-post-type=\"page\">\n\t\t\t\t\t\t<section class=\"elementor-section elementor-top-section elementor-element elementor-element-4a7383dd elementor-section-height-min-height elementor-section-boxed elementor-section-height-default elementor-section-items-middle\" data-id=\"4a7383dd\" data-element_type=\"section\" data-e-type=\"section\" data-settings=\"{&quot;background_background&quot;:&quot;classic&quot;}\">\n\t\t\t\t\t\t\t<div class=\"elementor-background-overlay\"><\/div>\n\t\t\t\t\t\t\t<div class=\"elementor-container elementor-column-gap-no\">\n\t\t\t\t\t<div class=\"elementor-column elementor-col-100 elementor-top-column elementor-element elementor-element-26ab1739\" data-id=\"26ab1739\" data-element_type=\"column\" data-e-type=\"column\">\n\t\t\t<div class=\"elementor-widget-wrap elementor-element-populated\">\n\t\t\t\t\t\t<div class=\"elementor-element elementor-element-2c204810 elementor-widget elementor-widget-heading\" data-id=\"2c204810\" data-element_type=\"widget\" data-e-type=\"widget\" data-widget_type=\"heading.default\">\n\t\t\t\t<div class=\"elementor-widget-container\">\n\t\t\t\t\t<h1 class=\"elementor-heading-title elementor-size-default\">POL\u00cdTICA DE ELIMINACI\u00d3N DE DATOS<\/h1>\t\t\t\t<\/div>\n\t\t\t\t<\/div>\n\t\t\t\t\t<\/div>\n\t\t<\/div>\n\t\t\t\t\t<\/div>\n\t\t<\/section>\n\t\t\t\t<section class=\"elementor-section elementor-top-section elementor-element elementor-element-494c3ce elementor-section-boxed elementor-section-height-default elementor-section-height-default\" data-id=\"494c3ce\" data-element_type=\"section\" data-e-type=\"section\">\n\t\t\t\t\t\t\t<div class=\"elementor-background-overlay\"><\/div>\n\t\t\t\t\t\t\t<div class=\"elementor-container elementor-column-gap-no\">\n\t\t\t\t\t<div class=\"elementor-column elementor-col-100 elementor-top-column elementor-element elementor-element-189af42\" data-id=\"189af42\" data-element_type=\"column\" data-e-type=\"column\">\n\t\t\t<div class=\"elementor-widget-wrap elementor-element-populated\">\n\t\t\t\t\t\t<div class=\"elementor-element elementor-element-7ee98ee elementor-widget__width-initial elementor-widget elementor-widget-text-editor\" data-id=\"7ee98ee\" data-element_type=\"widget\" data-e-type=\"widget\" data-widget_type=\"text-editor.default\">\n\t\t\t\t<div class=\"elementor-widget-container\">\n\t\t\t\t\t\t\t\t\t<p><strong>1.<\/strong> Conservaremos los Datos Personales durante el tiempo que sea necesario para que <strong>SERVICIOS EN RH TEI<\/strong> proporcione los servicios, hasta el momento en que el Cliente solicite la eliminaci\u00f3n de su cuenta o de los Datos Personales; as\u00ed como durante el tiempo necesario para cumplir las obligaciones legales.<\/p><p><strong>2.<\/strong> A efecto de manifestar la negativa o revocar el consentimiento para el tratamiento de tus Datos Personales, cuando esta sea la base legal, es necesario contactar con <strong>SERVICIOS EN RH TEI<\/strong> v\u00eda correo electr\u00f3nico a <a href=\"mailto:soporte.tecnicodigital.tei@gmail.com\">soporte.tecnicodigital.tei@gmail.com<\/a> En caso de revocar el consentimiento al tratamiento de sus Datos Personales no ser\u00e1 posible continuar prestando los servicios, salvo que se incluyan los nuevos Datos Personales de otros usuarios que act\u00faen en representaci\u00f3n de la empresa cliente de <strong>SERVICIOS EN RH TEI.<\/strong><\/p>\t\t\t\t\t\t\t\t<\/div>\n\t\t\t\t<\/div>\n\t\t\t\t\t<\/div>\n\t\t<\/div>\n\t\t\t\t\t<\/div>\n\t\t<\/section>\n\t\t\t\t<\/div>\n\t\t","protected":false},"excerpt":{"rendered":"<p>POL\u00cdTICA DE ELIMINACI\u00d3N DE DATOS 1. Conservaremos los Datos Personales durante el tiempo que sea necesario para que SERVICIOS EN RH TEI proporcione los servicios, hasta el momento en que el Cliente solicite la eliminaci\u00f3n de su cuenta o de los Datos Personales; as\u00ed como durante el tiempo necesario para cumplir las obligaciones legales. 2. [&hellip;]<\/p>\n","protected":false},"author":1,"featured_media":0,"parent":0,"menu_order":0,"comment_status":"closed","ping_status":"closed","template":"","meta":{"footnotes":""},"class_list":["post-660","page","type-page","status-publish","hentry"],"_links":{"self":[{"href":"https:\/\/tuempleoideal.net\/index.php\/wp-json\/wp\/v2\/pages\/660","targetHints":{"allow":["GET"]}}],"collection":[{"href":"https:\/\/tuempleoideal.net\/index.php\/wp-json\/wp\/v2\/pages"}],"about":[{"href":"https:\/\/tuempleoideal.net\/index.php\/wp-json\/wp\/v2\/types\/page"}],"author":[{"embeddable":true,"href":"https:\/\/tuempleoideal.net\/index.php\/wp-json\/wp\/v2\/users\/1"}],"replies":[{"embeddable":true,"href":"https:\/\/tuempleoideal.net\/index.php\/wp-json\/wp\/v2\/comments?post=660"}],"version-history":[{"count":7,"href":"https:\/\/tuempleoideal.net\/index.php\/wp-json\/wp\/v2\/pages\/660\/revisions"}],"predecessor-version":[{"id":667,"href":"https:\/\/tuempleoideal.net\/index.php\/wp-json\/wp\/v2\/pages\/660\/revisions\/667"}],"wp:attachment":[{"href":"https:\/\/tuempleoideal.net\/index.php\/wp-json\/wp\/v2\/media?parent=660"}],"curies":[{"name":"wp","href":"https:\/\/api.w.org\/{rel}","templated":true}]}}